{"id":144,"date":"2017-08-10T18:41:03","date_gmt":"2017-08-10T17:41:03","guid":{"rendered":"https:\/\/e-learning.climact.net\/inicio\/"},"modified":"2020-01-03T15:13:15","modified_gmt":"2020-01-03T15:13:15","slug":"inicio","status":"publish","type":"page","link":"https:\/\/e-learning.climact.net\/pt-pt\/","title":{"rendered":"In\u00edcio"},"content":{"rendered":"<div class=\"wpb-content-wrapper\"><p>[vc_row][vc_column][vc_column_text]<a href=\"http:\/\/www.climact.net\/\" target=\"_blank\" rel=\"noopener noreferrer\"><img loading=\"lazy\" decoding=\"async\" class=\"alignnone wp-image-120 size-large\" src=\"https:\/\/e-learning.climact.net\/wp-content\/uploads\/2017\/04\/18449694_859728567514491_5846693318402681933_o-1024x379.png\" alt=\"\" width=\"1024\" height=\"379\" srcset=\"https:\/\/e-learning.climact.net\/wp-content\/uploads\/2017\/04\/18449694_859728567514491_5846693318402681933_o-1024x379.png 1024w, https:\/\/e-learning.climact.net\/wp-content\/uploads\/2017\/04\/18449694_859728567514491_5846693318402681933_o-300x111.png 300w, https:\/\/e-learning.climact.net\/wp-content\/uploads\/2017\/04\/18449694_859728567514491_5846693318402681933_o-768x284.png 768w, https:\/\/e-learning.climact.net\/wp-content\/uploads\/2017\/04\/18449694_859728567514491_5846693318402681933_o-100x37.png 100w, https:\/\/e-learning.climact.net\/wp-content\/uploads\/2017\/04\/18449694_859728567514491_5846693318402681933_o.png 1704w\" sizes=\"auto, (max-width: 1024px) 100vw, 1024px\" \/><\/a><\/p>\n<p style=\"text-align: justify;\"><span style=\"color: #000000;\">O curso ClimACT destina-se a todos os interessados nas tem\u00e1ticas relacionadas com a educa\u00e7\u00e3o ambiental\/educa\u00e7\u00e3o para o desenvolvimento sustent\u00e1vel no geral, e economia circular e de baixo carbono (economia verde), em particular.<br \/>\nO curso tem como objetivos principais dotar os participantes de conhecimentos e compet\u00eancias, no sentido de identificar problemas e potenciais solu\u00e7\u00f5es para uma economia de baixo carbono, incentivando \u00e0 troca de experi\u00eancias que promovam a altera\u00e7\u00e3o de comportamentos nas comunidades.<br \/>\nEste curso \u00e9 co-financiado pelo programa Interreg Sudoe\u201d.<\/span><\/p>\n<p>&nbsp;<\/p>\n<p style=\"text-align: justify;\"><span style=\"color: #000000;\">&#8220;Viver bem dentro dos limites do Planeta \u00e9 a mensagem forte da sustentabilidade. Consciencializar os cidad\u00e3os para os desafios desta ambi\u00e7\u00e3o passa por uma forte aposta nas dimens\u00f5es tradicionais da Educa\u00e7\u00e3o Ambiental (EA) numa abordagem mais sist\u00e9mica, mas, sobretudo, pela educa\u00e7\u00e3o baseada em novas dimens\u00f5es assentes numa l\u00f3gica de participa\u00e7\u00e3o e de coresponsabiliza\u00e7\u00e3o na a\u00e7\u00e3o de base territorial. Importa sensibilizar os cidad\u00e3os, as empresas e as entidades p\u00fablicas e privadas para a necessidade de melhorar a efici\u00eancia da utiliza\u00e7\u00e3o de recursos e para a promo\u00e7\u00e3o de economias circulares e de partilha menos consumidoras e desperdi\u00e7adoras, mais amigas do Ambiente e mais centradas nas especificidades dos territ\u00f3rios.&#8221;<br \/>\n<em>Fonte:<\/em>\u00a0<a href=\"https:\/\/www.apambiente.pt\/_zdata\/DESTAQUES\/2017\/ENEA\/AF_Relatorio_ENEA2020.pdf\">ENEA2020<\/a><\/span><\/p>\n<p>&nbsp;<\/p>\n<p style=\"text-align: justify;\"><span style=\"color: #000000;\"><strong>M\u00e9todos pedag\u00f3gicos:<\/strong><\/span><\/p>\n<p style=\"text-align: justify;\"><span style=\"color: #000000;\">V\u00eddeos sobre 10 temas, apresenta\u00e7\u00f5es em powerpoint, documentos e livros de refer\u00eancia para estudar cada tema, testes e liga\u00e7\u00f5es para material de apoio.<\/span><\/p>\n<p>&nbsp;<\/p>\n<p style=\"text-align: justify;\"><span style=\"color: #000000;\"><strong>Data do curso com credita\u00e7\u00e3o:<\/strong><\/span><\/p>\n<p style=\"text-align: justify;\"><span style=\"color: #000000;\">Janeiro &#8211; Maio 2020 (3\u00aa edi\u00e7\u00e3o)<\/span><\/p>\n<p>&nbsp;<\/p>\n<p style=\"text-align: justify;\"><span style=\"color: #000000;\"><strong>Data do curso sem credita\u00e7\u00e3o:<\/strong><\/span><\/p>\n<p style=\"text-align: justify;\"><span style=\"color: #000000;\">Ao longo do ano (inscri\u00e7\u00e3o gratuita)<\/span><\/p>\n<p>&nbsp;<\/p>\n<p style=\"text-align: justify;\"><span style=\"color: #000000;\"><strong>Formador:<\/strong><\/span><\/p>\n<p style=\"text-align: justify;\"><span style=\"color: #000000;\">Margarida Gomes &#8211; coordenadora nacional do programa Eco-Escolas (ABAE)<\/span><\/p>\n<p style=\"text-align: justify;\"><span style=\"color: #000000;\"><strong>L\u00edngua:<\/strong><br \/>\nPortugu\u00eas<br \/>\n<\/span><\/p>\n<p>&nbsp;<\/p>\n<p style=\"text-align: justify;\"><span style=\"color: #000000;\">Entre em contacto para obter mais informa\u00e7\u00f5es:<\/span><\/p>\n<p style=\"text-align: justify;\"><span style=\"color: #000000;\">ClimACT &#8211; <a href=\"mailto:climact@abae.pt\">climact@abae.pt<\/a><\/span><\/p>\n<p style=\"text-align: justify;\"><span style=\"color: #000000;\">Margarida Gomes \u2013\u00a0<a href=\"mailto:margaridagomes@abae.pt\">margaridagomes@abae.pt<\/a>;<\/span><\/p>\n<p>&nbsp;<\/p>\n<p><span style=\"color: #000000;\"><strong>INFORMA\u00c7\u00d5ES IMPORTANTES:<\/strong><br \/>\n<\/span><\/p>\n<ol>\n<li><span style=\"color: #000000;\">Para iniciar o curso, dever\u00e1 preencher o formul\u00e1rio no seguinte endere\u00e7o: <strong><a href=\"https:\/\/e-learning.climact.net\/pt-pt\/account\/registration\/\">https:\/\/e-learning.climact.net\/pt-pt\/account\/registration\/<\/a><\/strong><\/span><\/li>\n<li><span style=\"color: #000000;\">Ap\u00f3s a submiss\u00e3o do formul\u00e1rio, vai receber os dados de acesso (username e password) no seu e-mail. Para fazer o login,\u00a0 introduza os seus dados de acesso e comece\/continue<\/span><span style=\"color: #000000;\">\u00a0o curso em\u00a0<strong><a href=\"https:\/\/e-learning.climact.net\/pt-pt\/meus-cursos\/\" target=\"_blank\" rel=\"noopener noreferrer\">https:\/\/e-learning.climact.net\/pt-pt\/meus-cursos\/<\/a><\/strong><\/span><\/li>\n<li><span style=\"color: #000000;\">Clique em qualquer uma das li\u00e7\u00f5es &#8220;Mobilidade&#8221;, &#8220;Energia&#8221;, etc (a ordem das 10 aulas \u00e9 escolhida pelo pr\u00f3prio formando).Visualize o(s) v\u00eddeo(s) de cada aula e responda aos question\u00e1rios de avalia\u00e7\u00e3o.<\/span><\/li>\n<li><span style=\"color: #000000;\">O curso \u00e9 finalizado quando concluir os question\u00e1rios de todas as aulas.\u00a0<\/span><\/li>\n<\/ol>\n<p><span style=\"color: #000000;\"><em>Para esclarecimento de d\u00favidas, agradecemos que nos contactem atrav\u00e9s do e-mail: <a href=\"mailto:climact@abae.pt\">climact@abae.pt<\/a><\/em><\/span><\/p>\n<p>&nbsp;<\/p>\n<p style=\"text-align: justify;\"><span style=\"color: #000000;\"><strong>Estrutura do Curso &#8211; 10 aulas:<\/strong><\/span><\/p>\n<ul>\n<li><a href=\"https:\/\/e-learning.climact.net\/pt-pt\/licao\/alteracoes-climaticas\/\">Introdu\u00e7\u00e3o \u00e0s Altera\u00e7\u00f5es Clim\u00e1ticas<\/a><\/li>\n<li><a href=\"https:\/\/e-learning.climact.net\/pt-pt\/licao\/compras-sustentaveis\/\">Introdu\u00e7\u00e3o \u00e0s Compras Sustent\u00e1veis<\/a><\/li>\n<li><a href=\"https:\/\/e-learning.climact.net\/pt-pt\/licao\/espacos-verdes\/\">Introdu\u00e7\u00e3o aos Espa\u00e7os Verdes<\/a><\/li>\n<li><a href=\"https:\/\/e-learning.climact.net\/pt-pt\/licao\/externalidades\/\">Introdu\u00e7\u00e3o \u00e0s Externalidades<\/a><\/li>\n<li><a href=\"https:\/\/e-learning.climact.net\/pt-pt\/licao\/gamificacao\/\">Introdu\u00e7\u00e3o \u00e0 Gamifica\u00e7\u00e3o<\/a><\/li>\n<li><a href=\"https:\/\/e-learning.climact.net\/pt-pt\/licao\/agua\/\">Introdu\u00e7\u00e3o \u00e0 Gest\u00e3o da \u00c1gua<\/a><\/li>\n<li><a href=\"https:\/\/e-learning.climact.net\/pt-pt\/licao\/energia\/\">Introdu\u00e7\u00e3o \u00e0 Gest\u00e3o da Energia<\/a><\/li>\n<li><a href=\"https:\/\/e-learning.climact.net\/pt-pt\/licao\/residuos\/\">Introdu\u00e7\u00e3o \u00e0 Gest\u00e3o dos\u00a0Res\u00edduos<\/a><\/li>\n<li><a href=\"https:\/\/e-learning.climact.net\/pt-pt\/licao\/mobilidade\/\">Introdu\u00e7\u00e3o \u00e0 Mobilidade<\/a><\/li>\n<li><a href=\"https:\/\/e-learning.climact.net\/pt-pt\/licao\/qualidade-do-ar\/\">Introdu\u00e7\u00e3o \u00e0 Qualidade do Ar<\/a><\/li>\n<\/ul>\n<p>&nbsp;<\/p>\n<p style=\"text-align: justify;\"><span style=\"color: #000000;\"><strong>Avalia\u00e7\u00e3o:<\/strong><\/span><\/p>\n<ul>\n<li style=\"text-align: justify;\"><span style=\"color: #000000;\">Teste no final de cada aula (10 perguntas de escolha m\u00faltipla) = 10 question\u00e1rios<\/span><\/li>\n<\/ul>\n<p><span style=\"color: #000000;\">Entrega de certificado no final da forma\u00e7\u00e3o a todos os formandos que conclu\u00edrem com sucesso o processo de avalia\u00e7\u00e3o <strong>(mediante pedido por e-mail: <em><a href=\"mailto:climact@abae.pt\">climact@abae.pt<\/a>)<\/em><\/strong><\/span><\/p>\n<p>&nbsp;<\/p>\n<p style=\"text-align: justify;\"><span style=\"color: #000000;\"><strong>Informa\u00e7\u00f5es para os formandos inscritos na Forma\u00e7\u00e3o Creditada &#8211; 50 horas:<\/strong><\/span><\/p>\n<p style=\"text-align: justify;\"><span style=\"color: #000000;\">1 \u2013 O projeto Interreg Sudoe ClimACT funciona tamb\u00e9m como curso de forma\u00e7\u00e3o com o nome oficial de \u201cClimACT: transi\u00e7\u00e3o para uma economia de baixo carbono nas escolas\u201d com o registo de acredita\u00e7\u00e3o n\u00ba CCPFC\/DC-6453\/17 em regime de b-learning e com a atribui\u00e7\u00e3o de 2 cr\u00e9ditos (25 horas presenciais e 25 horas online) para progress\u00e3o na carreira dos docentes participantes.<\/span><\/p>\n<p style=\"text-align: justify;\"><span style=\"color: #000000;\">As 25 horas presenciais decorrem no Semin\u00e1rio Nacional Eco-Escolas 2020. <\/span><span style=\"color: #000000;\">Neste caso \u00e9 obrigat\u00f3ria a assinatura de folhas de presen\u00e7a, de acordo com os normativos em vigor. A n\u00e3o assinatura implica a marca\u00e7\u00e3o de falta ao fim do per\u00edodo respetivo (manh\u00e3\/tarde).<\/span><\/p>\n<p style=\"text-align: justify;\"><span style=\"color: #000000;\">2 \u2013 Os participantes em Forma\u00e7\u00e3o Cont\u00ednua devem cumprir um m\u00ednimo de 2\/3 das horas presenciais previstas (pelo que n\u00e3o podem faltar mais de 8h30min) conforme legisla\u00e7\u00e3o em vigor.<\/span><\/p>\n<p style=\"text-align: justify;\"><span style=\"color: #000000;\">3 \u2013 As 25 horas online dever\u00e3o ser realizadas nesta plataforma, no per\u00edodo entre janeiro e maio.<\/span><\/p>\n<p style=\"text-align: justify;\"><span style=\"color: #000000;\">4 \u2013 O cumprimento do prazo \u00e9 fundamental para que todo o processo possa ser conclu\u00eddo atempadamente. Os documentos dever\u00e3o ser enviados para <a href=\"mailto:climact@abae.pt\">climact@abae.pt<\/a> at\u00e9 15\/05\/2020<\/span><\/p>\n<p style=\"text-align: justify;\"><span style=\"color: #000000;\"><em>5 &#8211; <\/em>Enviar por <a href=\"mailto:climact@abae.pt\">e-mail<\/a>\u00a0os seguintes produtos da forma\u00e7\u00e3o: relat\u00f3rio cr\u00edtico do Semin\u00e1rio, 1 ficha de atividade &#8220;Hands-On&#8221; (descarregar <a href=\"https:\/\/e-learning.climact.net\/wp-content\/uploads\/2019\/01\/Modelo_atividade_ClimACT_vf.pptx\" target=\"_blank\" rel=\"noopener noreferrer\"><strong>modelo<\/strong><\/a>); 1 apresenta\u00e7\u00e3o PowerPoint (a utilizar em sala de aula) sobre 1 dos temas abordados neste curso (descarregar <strong><a href=\"https:\/\/e-learning.climact.net\/wp-content\/uploads\/2017\/04\/Modelo_apresentacao_ClimACT.pptx\">modelo<\/a><\/strong>)<\/span><\/p>\n<p style=\"text-align: justify;\"><span style=\"color: #000000;\">O Curso de Forma\u00e7\u00e3o Creditada \u00e9 da responsabilidade do Centro de Forma\u00e7\u00e3o da Associa\u00e7\u00e3o de Professores de Geografia \u201cProfessor Orlando Ribeiro\u201d. S\u00f3 ser\u00e3o consideradas as inscri\u00e7\u00f5es, com a ficha de inscri\u00e7\u00e3o devidamente preenchida.<\/span><\/p>\n<p>&nbsp;<\/p>\n<p style=\"text-align: center;\"><em><strong><span style=\"color: #000000;\">O projeto Interreg Sudoe ClimACT promove e contribui para a concretiza\u00e7\u00e3o dos Objetivos de Desenvolvimento Sustent\u00e1vel <\/span><\/strong><\/em><\/p>\n<p style=\"text-align: center;\"><em><strong><span style=\"color: #000000;\">Guia de Apoio: Educa\u00e7\u00e3o para os Objetivos de Desenvolvimento Sustent\u00e1vel <\/span><\/strong><span style=\"color: #000000;\">(descarregar <\/span><span style=\"color: #000000;\"><a href=\"http:\/\/unesdoc.unesco.org\/images\/0025\/002521\/252197POR.pdf\" target=\"_blank\" rel=\"noopener noreferrer\">aqui<\/a>)<\/span><\/em><\/p>\n<p><a href=\"https:\/\/globalactiondays.abae.pt\/ods-informacao\/\" target=\"_blank\" rel=\"noopener noreferrer\"><img loading=\"lazy\" decoding=\"async\" class=\"aligncenter wp-image-471 size-large\" src=\"https:\/\/e-learning.climact.net\/wp-content\/uploads\/2018\/02\/maior_licao_mundo_orig-1024x532.png\" alt=\"\" width=\"1024\" height=\"532\" srcset=\"https:\/\/e-learning.climact.net\/wp-content\/uploads\/2018\/02\/maior_licao_mundo_orig-1024x532.png 1024w, https:\/\/e-learning.climact.net\/wp-content\/uploads\/2018\/02\/maior_licao_mundo_orig-300x156.png 300w, https:\/\/e-learning.climact.net\/wp-content\/uploads\/2018\/02\/maior_licao_mundo_orig-768x399.png 768w, https:\/\/e-learning.climact.net\/wp-content\/uploads\/2018\/02\/maior_licao_mundo_orig-100x52.png 100w, https:\/\/e-learning.climact.net\/wp-content\/uploads\/2018\/02\/maior_licao_mundo_orig.png 1159w\" sizes=\"auto, (max-width: 1024px) 100vw, 1024px\" \/><\/a>[\/vc_column_text][\/vc_column][\/vc_row]<\/p>\n<\/div>","protected":false},"excerpt":{"rendered":"<p>[vc_row][vc_column][vc_column_text] O curso ClimACT destina-se a todos os interessados nas tem\u00e1ticas relacionadas com a educa\u00e7\u00e3o ambiental\/educa\u00e7\u00e3o para o desenvolvimento sustent\u00e1vel no geral, e economia circular e de baixo carbono (economia verde), em particular. O curso tem como objetivos principais dotar os participantes de conhecimentos e compet\u00eancias, no sentido de identificar problemas e potenciais solu\u00e7\u00f5es para&hellip;<\/p>\n","protected":false},"author":1,"featured_media":0,"parent":0,"menu_order":0,"comment_status":"closed","ping_status":"closed","template":"","meta":{"_exactmetrics_skip_tracking":false,"_exactmetrics_sitenote_active":false,"_exactmetrics_sitenote_note":"","_exactmetrics_sitenote_category":0,"footnotes":""},"class_list":["post-144","page","type-page","status-publish","hentry","description-off"],"_links":{"self":[{"href":"https:\/\/e-learning.climact.net\/pt-pt\/wp-json\/wp\/v2\/pages\/144","targetHints":{"allow":["GET"]}}],"collection":[{"href":"https:\/\/e-learning.climact.net\/pt-pt\/wp-json\/wp\/v2\/pages"}],"about":[{"href":"https:\/\/e-learning.climact.net\/pt-pt\/wp-json\/wp\/v2\/types\/page"}],"author":[{"embeddable":true,"href":"https:\/\/e-learning.climact.net\/pt-pt\/wp-json\/wp\/v2\/users\/1"}],"replies":[{"embeddable":true,"href":"https:\/\/e-learning.climact.net\/pt-pt\/wp-json\/wp\/v2\/comments?post=144"}],"version-history":[{"count":24,"href":"https:\/\/e-learning.climact.net\/pt-pt\/wp-json\/wp\/v2\/pages\/144\/revisions"}],"predecessor-version":[{"id":2409,"href":"https:\/\/e-learning.climact.net\/pt-pt\/wp-json\/wp\/v2\/pages\/144\/revisions\/2409"}],"wp:attachment":[{"href":"https:\/\/e-learning.climact.net\/pt-pt\/wp-json\/wp\/v2\/media?parent=144"}],"curies":[{"name":"wp","href":"https:\/\/api.w.org\/{rel}","templated":true}]}}