{"id":143,"date":"2017-08-10T18:41:03","date_gmt":"2017-08-10T17:41:03","guid":{"rendered":"https:\/\/e-learning.climact.net\/inicio\/"},"modified":"2019-02-20T12:38:49","modified_gmt":"2019-02-20T12:38:49","slug":"accueil","status":"publish","type":"page","link":"https:\/\/e-learning.climact.net\/fr\/","title":{"rendered":"Accueil"},"content":{"rendered":"<div class=\"wpb-content-wrapper\"><p>[vc_row][vc_column][vc_column_text]<img loading=\"lazy\" decoding=\"async\" class=\"wp-image-1648 size-full aligncenter\" src=\"https:\/\/e-learning.climact.net\/wp-content\/uploads\/2018\/12\/climact_fr.jpg\" alt=\"\" width=\"970\" height=\"366\" srcset=\"https:\/\/e-learning.climact.net\/wp-content\/uploads\/2018\/12\/climact_fr.jpg 970w, https:\/\/e-learning.climact.net\/wp-content\/uploads\/2018\/12\/climact_fr-300x113.jpg 300w, https:\/\/e-learning.climact.net\/wp-content\/uploads\/2018\/12\/climact_fr-768x290.jpg 768w, https:\/\/e-learning.climact.net\/wp-content\/uploads\/2018\/12\/climact_fr-100x38.jpg 100w\" sizes=\"auto, (max-width: 970px) 100vw, 970px\" \/><\/p>\n<p>&nbsp;<\/p>\n<p style=\"text-align: justify;\"><span style=\"color: #000000;\">Ce cours est con\u00e7u pour des enseignants qui participent au projet Interreg Sudoe ClimACT, mais aussi pour tout enseignant int\u00e9ress\u00e9 par les questions abord\u00e9es ici, dont l\u2019objectif principal est de promouvoir et de partager les connaissances cl\u00e9s de l\u2019\u00e9ducation \u00e0 l\u2019environnement afin de promouvoir la durabilit\u00e9 et une \u00e9conomie bas carbone.<\/span><\/p>\n<p style=\"text-align: justify;\"><span style=\"color: #000000;\">Le cours a une approche innovatrice et diversifi\u00e9e \u00e0 l\u2019\u00e9ducation \u00e0 l\u2019environnement puisque ce projet fournit un ensemble de comp\u00e9tences dans divers domaines de la durabilit\u00e9 et encourage un travail collaboratif entre les enseignants et les \u00e9l\u00e8ves, ainsi qu\u2019entre des \u00e9coles du r\u00e9seau national et europ\u00e9en.<\/span><\/p>\n<p style=\"text-align: justify;\"><span style=\"color: #000000;\">\u00ab Vivre bien en dessous des limites de la plan\u00e8te constitue le message fort de durabilit\u00e9. La responsabilisation des citoyens afin qu\u2019ils rel\u00e8vent le d\u00e9fi de cet ambition demande une attention toute particuli\u00e8re port\u00e9e aux dimensions traditionnels de l\u2019\u00e9ducation \u00e0 l\u2019environnement (EE) dans une approche plus syst\u00e9mique, mais surtout, de nouvelles dimensions bas\u00e9es sur la participation et la responsabilisation dans des actions territoriales. Il est important de sensibiliser les citoyens, les entreprises, mais aussi les organismes publics et priv\u00e9s afin d\u2019am\u00e9liorer l\u2019efficacit\u00e9 de l\u2019utilisation des ressources et de promouvoir des \u00e9conomies circulaires et de partage qui consomment moins, gaspillent moins, sont respectueuses de l\u2019environnement et davantage ax\u00e9es sur les sp\u00e9cificit\u00e9s des territoires. \u00bb<\/span><\/p>\n<p>&nbsp;<\/p>\n<p style=\"text-align: justify;\"><em><strong>M\u00e9thodes p\u00e9dagogiques:<\/strong><\/em><br \/>\nVid\u00e9os (conf\u00e9rences) sur diff\u00e9rentes questions, des pr\u00e9sentations PowerPoint, des documents et des livres de r\u00e9f\u00e9rence pour l\u2019\u00e9tude de chaque th\u00e8me, des tests, des activit\u00e9s pratiques \u00e0 mettre en \u0153uvre dans la salle de classe et des liens vers des projets et des sites d\u2019int\u00e9r\u00eat pour les enseignants.<\/p>\n<p>&nbsp;<\/p>\n<p><em><strong>Public cible:<\/strong><\/em><br \/>\nLes enseignants<\/p>\n<p>&nbsp;<\/p>\n<p><em><strong>Date du cours: <\/strong><\/em><strong>disponible en 2019<\/strong><\/p>\n<p>&nbsp;<\/p>\n<p><em><strong>Formateurs:<\/strong><\/em><br \/>\nMargarida Gomes, coordinatrice nationale du programme Eco-Schools, ABAE;<\/p>\n<p>Marta Almeida, coordinatrice du projet Interreg SUDOE ClimACT, IST;<\/p>\n<p>Plus de 10 experts pr\u00e9sentent des th\u00e8mes divers de ClimACT.<\/p>\n<p>&nbsp;<\/p>\n<p><em><strong>Langues:<\/strong><\/em><br \/>\nPortugais, espagnol, fran\u00e7ais et anglais.<\/p>\n<p>&nbsp;<\/p>\n<p><em><strong>Pour plus d\u2019informations contactez:<\/strong><\/em><br \/>\nClimACT &#8211; <a href=\"mailto:climact@abae.pt\">climact@abae.pt<\/a>;<\/p>\n<p>Margarida Gomes &#8211; <a href=\"mailto:margaridagomes@abae.pt\">margaridagomes@abae.pt<\/a>;<\/p>\n<p>Marta Almeida &#8211; <a href=\"mailto:smarta@ctn.ist.utl.pt\">smarta@ctn.ist.utl.pt<\/a><\/p>\n<p>&nbsp;<\/p>\n<p><em><strong>INFORMATIONS IMPORTANTES:<\/strong><\/em><br \/>\nPour vous inscrire au cours, il faut compl\u00e9ter le fichier \u00e0 l\u2019adresse suivante : disponible en 2019<\/p>\n<p>Lorsque vous aurez envoy\u00e9 le fichier, vous recevrez vos donn\u00e9es de connexion (nom d\u2019utilisateur et mot de passe) par email. Pour vous connecter, entrez vos donn\u00e9es de connexion et d\u00e9marrez \/ poursuivez le cours \u00e0:\u00a0disponible en 2019<\/p>\n<p>Cliquez sur n\u2019importe quelle le\u00e7on \u201cMobilit\u00e9\u00a0\u00bb, \u00ab\u00a0Energie\u00a0\u00bb, etc. (l\u2019ordre des 10 classes est choisi par l\u2019enseignant lui-m\u00eame). Visionnez la\/les vid\u00e9o(s) de chaque le\u00e7on et remplissez les questionnaires d\u2019\u00e9valuation.<\/p>\n<p>Vous avez termin\u00e9 le cours lorsque vous aurez compl\u00e9ter les questionnaires des toutes les le\u00e7ons.<\/p>\n<p>Si vous avez des questions ou un probl\u00e8me avec la plateforme, veuillez nous contacter par e-mail : climact@abae.pt<\/p>\n<p>&nbsp;<\/p>\n<p><em><strong>Contenu du cours &#8211; 10 le\u00e7ons:<\/strong><\/em><\/p>\n<p>Introduction au changement climatique<br \/>\nIntroduction \u00e0 l\u2019approvisionnement \u00e9cologique<br \/>\nIntroduction aux espaces verts<br \/>\nIntroduction aux externalit\u00e9s<br \/>\nIntroduction \u00e0 la ludification<br \/>\nIntroduction \u00e0 la gestion de l\u2019eau<br \/>\nIntroduction \u00e0 la gestion de l\u2019\u00e9nergie<br \/>\nIntroduction \u00e0 la gestion des d\u00e9chets<br \/>\nIntroduction \u00e0 la mobilit\u00e9<br \/>\nIntroduction \u00e0 la qualit\u00e9 de l\u2019air<\/p>\n<p>&nbsp;<\/p>\n<p><em><strong>Evaluation:<\/strong><\/em><br \/>\nUn test \u00e0 la fin de chaque le\u00e7on (10 questions \u00e0 choix multiple) = 10 questionnaires. Un certificat sera remis \u00e0 la fin de la formation \u00e0 toutes les personnes en formation qui auront termin\u00e9 avec succ\u00e8s le processus d\u2019\u00e9valuation.<\/p>\n<p>&nbsp;<\/p>\n<p>&nbsp;<\/p>\n<p style=\"text-align: center;\"><strong>Le projet Interreg Sudoe ClimACT promeut et contribue \u00e0 la r\u00e9alisation des objectifs de d\u00e9veloppement durable.<\/strong><\/p>\n<p><a href=\"https:\/\/globalactiondays.abae.pt\/ods-informacao\/\" target=\"_blank\" rel=\"noopener\"><img loading=\"lazy\" decoding=\"async\" class=\"wp-image-73 size-large aligncenter\" src=\"http:\/\/e-learning.climact.net\/wp-content\/uploads\/2017\/07\/globalgoals-1024x512.png\" alt=\"\" width=\"1024\" height=\"512\" srcset=\"https:\/\/e-learning.climact.net\/wp-content\/uploads\/2017\/07\/globalgoals-1024x512.png 1024w, https:\/\/e-learning.climact.net\/wp-content\/uploads\/2017\/07\/globalgoals-300x150.png 300w, https:\/\/e-learning.climact.net\/wp-content\/uploads\/2017\/07\/globalgoals-768x384.png 768w, https:\/\/e-learning.climact.net\/wp-content\/uploads\/2017\/07\/globalgoals-100x50.png 100w\" sizes=\"auto, (max-width: 1024px) 100vw, 1024px\" \/><\/a><\/p>\n<p>&nbsp;[\/vc_column_text][\/vc_column][\/vc_row]<\/p>\n<\/div>","protected":false},"excerpt":{"rendered":"<p>[vc_row][vc_column][vc_column_text] &nbsp; Ce cours est con\u00e7u pour des enseignants qui participent au projet Interreg Sudoe ClimACT, mais aussi pour tout enseignant int\u00e9ress\u00e9 par les questions abord\u00e9es ici, dont l\u2019objectif principal est de promouvoir et de partager les connaissances cl\u00e9s de l\u2019\u00e9ducation \u00e0 l\u2019environnement afin de promouvoir la durabilit\u00e9 et une \u00e9conomie bas carbone. Le cours&hellip;<\/p>\n","protected":false},"author":1,"featured_media":0,"parent":0,"menu_order":0,"comment_status":"closed","ping_status":"closed","template":"","meta":{"_exactmetrics_skip_tracking":false,"_exactmetrics_sitenote_active":false,"_exactmetrics_sitenote_note":"","_exactmetrics_sitenote_category":0,"footnotes":""},"class_list":["post-143","page","type-page","status-publish","hentry","description-off"],"_links":{"self":[{"href":"https:\/\/e-learning.climact.net\/fr\/wp-json\/wp\/v2\/pages\/143","targetHints":{"allow":["GET"]}}],"collection":[{"href":"https:\/\/e-learning.climact.net\/fr\/wp-json\/wp\/v2\/pages"}],"about":[{"href":"https:\/\/e-learning.climact.net\/fr\/wp-json\/wp\/v2\/types\/page"}],"author":[{"embeddable":true,"href":"https:\/\/e-learning.climact.net\/fr\/wp-json\/wp\/v2\/users\/1"}],"replies":[{"embeddable":true,"href":"https:\/\/e-learning.climact.net\/fr\/wp-json\/wp\/v2\/comments?post=143"}],"version-history":[{"count":10,"href":"https:\/\/e-learning.climact.net\/fr\/wp-json\/wp\/v2\/pages\/143\/revisions"}],"predecessor-version":[{"id":2222,"href":"https:\/\/e-learning.climact.net\/fr\/wp-json\/wp\/v2\/pages\/143\/revisions\/2222"}],"wp:attachment":[{"href":"https:\/\/e-learning.climact.net\/fr\/wp-json\/wp\/v2\/media?parent=143"}],"curies":[{"name":"wp","href":"https:\/\/api.w.org\/{rel}","templated":true}]}}