{"id":145,"date":"2017-08-10T18:41:03","date_gmt":"2017-08-10T17:41:03","guid":{"rendered":"https:\/\/e-learning.climact.net\/inicio\/"},"modified":"2019-05-21T16:26:25","modified_gmt":"2019-05-21T15:26:25","slug":"inicio","status":"publish","type":"page","link":"https:\/\/e-learning.climact.net\/es\/","title":{"rendered":"Inicio"},"content":{"rendered":"<div class=\"wpb-content-wrapper\"><p>[vc_row][vc_column][vc_column_text]<a href=\"http:\/\/www.climact.net\/\" target=\"_blank\" rel=\"noopener noreferrer\"><img loading=\"lazy\" decoding=\"async\" class=\"alignnone wp-image-2156 size-full\" src=\"https:\/\/e-learning.climact.net\/wp-content\/uploads\/2019\/01\/Diapositiva1.png\" alt=\"\" width=\"960\" height=\"453\" srcset=\"https:\/\/e-learning.climact.net\/wp-content\/uploads\/2019\/01\/Diapositiva1.png 960w, https:\/\/e-learning.climact.net\/wp-content\/uploads\/2019\/01\/Diapositiva1-300x142.png 300w, https:\/\/e-learning.climact.net\/wp-content\/uploads\/2019\/01\/Diapositiva1-768x362.png 768w, https:\/\/e-learning.climact.net\/wp-content\/uploads\/2019\/01\/Diapositiva1-100x47.png 100w\" sizes=\"auto, (max-width: 960px) 100vw, 960px\" \/><\/a><\/p>\n<p><img loading=\"lazy\" decoding=\"async\" class=\"alignnone size-full wp-image-2231\" src=\"https:\/\/e-learning.climact.net\/wp-content\/uploads\/2019\/02\/logos_climact_sp.jpg\" alt=\"\" width=\"960\" height=\"131\" srcset=\"https:\/\/e-learning.climact.net\/wp-content\/uploads\/2019\/02\/logos_climact_sp.jpg 960w, https:\/\/e-learning.climact.net\/wp-content\/uploads\/2019\/02\/logos_climact_sp-300x41.jpg 300w, https:\/\/e-learning.climact.net\/wp-content\/uploads\/2019\/02\/logos_climact_sp-768x105.jpg 768w, https:\/\/e-learning.climact.net\/wp-content\/uploads\/2019\/02\/logos_climact_sp-100x14.jpg 100w\" sizes=\"auto, (max-width: 960px) 100vw, 960px\" \/><\/p>\n<p>Este curso dirigido a los profesores que participan en el proyecto Interreg Sudoe ClimACT, pero tambi\u00e9n a todos los profesores interesados \u200b\u200ben los temas aqu\u00ed abordados, tiene como objetivo principal el promover y compartir el conocimiento clave para la promoci\u00f3n de la educaci\u00f3n ambiental para la sostenibilidad en las diversas \u00e1reas de desarrollo sostenible y econom\u00eda de bajo carbono.<\/p>\n<p>\u00abVivir bien dentro de los l\u00edmites del Planeta es el mensaje principal de la sostenibilidad. Concienciar a los ciudadanos acerca de los desaf\u00edos de este reto pasa por una fuerte apuesta por las dimensiones tradicionales de la Educaci\u00f3n Ambiental en un enfoque m\u00e1s sist\u00e9mico, pero sobre todo por la educaci\u00f3n basada en nuevas dimensiones basadas en una l\u00f3gica de participaci\u00f3n y de contribuci\u00f3n de la din\u00e1mica territorial. Es importante sensibilizar a los ciudadanos, las empresas y las autoridades p\u00fablicas y privadas sobre la necesidad de mejorar la eficiencia de la utilizaci\u00f3n de los recursos y la promoci\u00f3n de las econom\u00edas circulares, as\u00ed como avanzar hacia un menor consumo, que genere menos residuos, m\u00e1s respetuoso con del medio ambiente y centrado en las especificidades de los territorios \u00ab.<\/p>\n<p>Fuente: \u00a0<a href=\"https:\/\/www.apambiente.pt\/_zdata\/DESTAQUES\/2017\/ENEA\/AF_Relatorio_ENEA2020.pdf\">ENEA2020<\/a><\/p>\n<p>&nbsp;<\/p>\n<p>P\u00f3ngase en contacto para obtener m\u00e1s informaci\u00f3n:<\/p>\n<p>ClimACT &#8211; <a href=\"mailto:climact@abae.pt\">climact@abae.pt<\/a><\/p>\n<p>Margarida Gomes &#8211; <a href=\"mailto:margaridagomes@abae.pt\">margaridagomes@abae.pt<\/a><\/p>\n<p>Marta Almeida &#8211; <a href=\"mailto:smarta@ctn.ist.utl.pt\">smarta@ctn.ist.utl.pt<\/a><\/p>\n<p>Contacto\/Tutores en Espa\u00f1a: Ana Rosa Gamarra\/ Israel Herrera\/Maria Jos\u00e9 Blanco: <a href=\"mailto:ase@ciemat.es\">ase@ciemat.es<\/a><\/p>\n<p>&nbsp;<\/p>\n<p><strong>INFORMACION IMPORTANTE:<\/strong><\/p>\n<ol>\n<li>Para iniciar el curso, debe rellenar el formulario en la siguiente direcci\u00f3n:\u00a0 <a href=\"https:\/\/e-learning.climact.net\/es\/mi-cuenta\/registro\/\" target=\"_blank\" rel=\"noopener noreferrer\">https:\/\/e-learning.climact.net\/es\/mi-cuenta\/registro\/<\/a><\/li>\n<li>Despu\u00e9s de completar y enviar el formulario, recibir\u00e1 los datos de acceso (nombre de usuario y contrase\u00f1a) en su e-mail. Para acceder, introduzca sus datos de acceso y comience \/ contin\u00fae el curso en <a href=\"https:\/\/e-learning.climact.net\/es\/mis-cursos\/\">https:\/\/e-learning.climact.net\/es\/mis-cursos\/<\/a><\/li>\n<li>Haga clic en cualquiera de las lecciones \u00abMovilidad\u00bb, \u00abEnerg\u00eda\u00bb, etc (el orden de las 10 lecciones es elegido por el propio formando). Lea el texto, visualice el v\u00eddeo\/os de cada lecci\u00f3n, consulte los recursos y responda a los cuestionarios de evaluaci\u00f3n.<\/li>\n<li>El curso finaliza al concluir los cuestionarios de todas las clases y enviar la tarea obligatoria de final de curso. Adem\u00e1s deber\u00e1 enviarse la ficha de inscripci\u00f3n. M\u00e1s informaci\u00f3n en la <a href=\"https:\/\/e-learning.climact.net\/wp-content\/uploads\/2019\/03\/ClimACT_E-learning-Course_GuiaParticipante_inc_anexos.pdf\">Gu\u00eda del Participante<\/a>.<\/li>\n<\/ol>\n<p>En caso de duda o tenga alg\u00fan problema en la plataforma, agradecemos que nos contacten a trav\u00e9s del e-mail: <a href=\"mailto:climact@abae.pt\">climact@abae.pt<\/a> o <a href=\"mailto:ase@ciemat.es\">ase@ciemat.es<\/a><\/p>\n<p>Estructura del Curso &#8211; 10 lecciones:<\/p>\n<ul>\n<li>Introducci\u00f3n al Cambio Clim\u00e1tico<\/li>\n<li>Introducci\u00f3n a las Compras Sostenibles<\/li>\n<li>Introducci\u00f3n a los Espacios Verdes<\/li>\n<li>Introducci\u00f3n a las Externalidades<\/li>\n<li>Introducci\u00f3n a la Gamificaci\u00f3n<\/li>\n<li>Introducci\u00f3n a la Gesti\u00f3n del agua<\/li>\n<li>Introducci\u00f3n a la Gesti\u00f3n de la energ\u00eda<\/li>\n<li>Introducci\u00f3n a la Gesti\u00f3n de los residuos<\/li>\n<li>Introducci\u00f3n a la Movilidad<\/li>\n<li>Introducci\u00f3n a la Calidad del Aire<\/li>\n<\/ul>\n<p><strong>Evaluaci\u00f3n y acreditaci\u00f3n:<\/strong><\/p>\n<ul>\n<li>Test al final de cada clase (8-10 preguntas de elecci\u00f3n m\u00faltiple) = 10 cuestionarios<\/li>\n<li>Entrega de la tarea obligatoria de final de curso siguiendo el <a href=\"https:\/\/e-learning.climact.net\/wp-content\/uploads\/2019\/03\/Modelo_atividade_ClimACT_vf.pdf\">Modelo<\/a>. (<a href=\"https:\/\/e-learning.climact.net\/wp-content\/uploads\/2019\/03\/Modelo_atividade_ClimACT_vf.pdf\">Modelo pdf<\/a>\u00a0;\u00a0<a href=\"https:\/\/e-learning.climact.net\/wp-content\/uploads\/2019\/05\/Modelo_atividade_ClimACT_vf.pptx\">modelo pptx<\/a>\u00a0)<\/li>\n<li>Entrega de certificado al final de la formaci\u00f3n a todos los alumnos que concluyan con \u00e9xito el proceso de evaluaci\u00f3n.<\/li>\n<\/ul>\n<p><strong>Informaci\u00f3n para los alumnos interesados en conseguir la acreditaci\u00f3n:<\/strong><\/p>\n<p>1 &#8211; Aseg\u00farese de que sus datos de registro son correctos.<\/p>\n<p>2 &#8211; Las 25 horas en l\u00ednea deber\u00e1n ser realizadas en esta plataforma, en el per\u00edodo entre el 15 de Marzo y <strong>el 31 de Mayo de 2019.<\/strong><\/p>\n<p>3 &#8211; El cumplimiento del plazo es fundamental para que todo el proceso pueda ser concluido a tiempo.<\/p>\n<p>4 -Es un <strong>REQUISITO INDISPENSABLE<\/strong> para conseguir el certificado de INTEF que los participantes env\u00eden por correo ordinario la <a href=\"https:\/\/e-learning.climact.net\/wp-content\/uploads\/2019\/03\/ficha-registro-2018-entidades_2.pdf\" target=\"_blank\" rel=\"noopener noreferrer\">FICHA DE REGISTRO (descargar y rellenar)<\/a> a la direcci\u00f3n:<\/p>\n<p>Unidad de An\u00e1lisis de Sistemas Energ\u00e9ticos<br \/>\nCIEMAT<br \/>\nDespacho 39 Edificio 01<br \/>\nAv. Complutense, 40<br \/>\n28040 Madrid<\/p>\n<p>Con el fin de facilitar la correcta cumplimentaci\u00f3n de la Ficha de Registro de Participantes en Actividades de Formaci\u00f3n Permanente, os aclaramos que la informaci\u00f3n correspondiente a los campos \u00abNombre de la Entidad Organizadora\u00bb y \u00abT\u00edtulo de la Actividad\u00bb\u00a0 debe ser:<\/p>\n<p>&#8211; En el campo Entidad se debe indicar: <strong>INTEF\/ Ciemat (Proyecto Climact)<\/strong><\/p>\n<p><strong>&#8211; <\/strong>En el campo Actividad debe aparecer el t\u00edtulo de la actividad formativa recibida: <strong>Curso e-learning de Desarrollo Sostenible para profesores y maestros.<\/strong><\/p>\n<p>&nbsp;<\/p>\n<p><em><strong>Sustainable Development Goals<\/strong><\/em><\/p>\n<p><a href=\"https:\/\/globalactiondays.abae.pt\/ods-informacao\/\" target=\"_blank\" rel=\"noopener noreferrer\"><img loading=\"lazy\" decoding=\"async\" class=\"alignnone wp-image-73 size-large\" src=\"http:\/\/e-learning.climact.net\/wp-content\/uploads\/2017\/07\/globalgoals-1024x512.png\" alt=\"\" width=\"1024\" height=\"512\" srcset=\"https:\/\/e-learning.climact.net\/wp-content\/uploads\/2017\/07\/globalgoals-1024x512.png 1024w, https:\/\/e-learning.climact.net\/wp-content\/uploads\/2017\/07\/globalgoals-300x150.png 300w, https:\/\/e-learning.climact.net\/wp-content\/uploads\/2017\/07\/globalgoals-768x384.png 768w, https:\/\/e-learning.climact.net\/wp-content\/uploads\/2017\/07\/globalgoals-100x50.png 100w\" sizes=\"auto, (max-width: 1024px) 100vw, 1024px\" \/><\/a>[\/vc_column_text][\/vc_column][\/vc_row]<\/p>\n<\/div>","protected":false},"excerpt":{"rendered":"<p>[vc_row][vc_column][vc_column_text] Este curso dirigido a los profesores que participan en el proyecto Interreg Sudoe ClimACT, pero tambi\u00e9n a todos los profesores interesados \u200b\u200ben los temas aqu\u00ed abordados, tiene como objetivo principal el promover y compartir el conocimiento clave para la promoci\u00f3n de la educaci\u00f3n ambiental para la sostenibilidad en las diversas \u00e1reas de desarrollo sostenible&hellip;<\/p>\n","protected":false},"author":1,"featured_media":0,"parent":0,"menu_order":0,"comment_status":"closed","ping_status":"closed","template":"","meta":{"_exactmetrics_skip_tracking":false,"_exactmetrics_sitenote_active":false,"_exactmetrics_sitenote_note":"","_exactmetrics_sitenote_category":0,"footnotes":""},"class_list":["post-145","page","type-page","status-publish","hentry","description-off"],"_links":{"self":[{"href":"https:\/\/e-learning.climact.net\/es\/wp-json\/wp\/v2\/pages\/145","targetHints":{"allow":["GET"]}}],"collection":[{"href":"https:\/\/e-learning.climact.net\/es\/wp-json\/wp\/v2\/pages"}],"about":[{"href":"https:\/\/e-learning.climact.net\/es\/wp-json\/wp\/v2\/types\/page"}],"author":[{"embeddable":true,"href":"https:\/\/e-learning.climact.net\/es\/wp-json\/wp\/v2\/users\/1"}],"replies":[{"embeddable":true,"href":"https:\/\/e-learning.climact.net\/es\/wp-json\/wp\/v2\/comments?post=145"}],"version-history":[{"count":17,"href":"https:\/\/e-learning.climact.net\/es\/wp-json\/wp\/v2\/pages\/145\/revisions"}],"predecessor-version":[{"id":2375,"href":"https:\/\/e-learning.climact.net\/es\/wp-json\/wp\/v2\/pages\/145\/revisions\/2375"}],"wp:attachment":[{"href":"https:\/\/e-learning.climact.net\/es\/wp-json\/wp\/v2\/media?parent=145"}],"curies":[{"name":"wp","href":"https:\/\/api.w.org\/{rel}","templated":true}]}}